{"id":16,"date":"2026-01-22T23:13:19","date_gmt":"2026-01-22T22:13:19","guid":{"rendered":"https:\/\/sfg.wroclaw.pl\/?page_id=16"},"modified":"2026-02-11T19:38:52","modified_gmt":"2026-02-11T18:38:52","slug":"strona-glowna","status":"publish","type":"page","link":"https:\/\/sfg.wroclaw.pl\/","title":{"rendered":"Strona G\u0142\u00f3wna"},"content":{"rendered":"\t\t<div data-elementor-type=\"wp-page\" data-elementor-id=\"16\" class=\"elementor elementor-16\">\n\t\t\t\t<div class=\"elementor-element elementor-element-3216890 e-flex e-con-boxed e-con e-parent\" data-id=\"3216890\" data-element_type=\"container\" data-settings=\"{&quot;background_background&quot;:&quot;classic&quot;}\">\n\t\t\t\t\t<div class=\"e-con-inner\">\n\t\t<div class=\"elementor-element elementor-element-0a33171 e-con-full e-flex e-con e-child\" data-id=\"0a33171\" data-element_type=\"container\">\n\t\t\t\t<div class=\"elementor-element elementor-element-b554f8e elementor-widget elementor-widget-heading\" data-id=\"b554f8e\" data-element_type=\"widget\" data-widget_type=\"heading.default\">\n\t\t\t\t\t<h2 class=\"elementor-heading-title elementor-size-default\">Safety First&amp;GO\u200b<\/h2>\t\t\t\t<\/div>\n\t\t\t\t<div class=\"elementor-element elementor-element-7e1d2f7 elementor-widget elementor-widget-text-editor\" data-id=\"7e1d2f7\" data-element_type=\"widget\" data-widget_type=\"text-editor.default\">\n\t\t\t\t\t\t\t\t\t<p>Zapewnia bezpiecze\u0144stwo w Twojej firmie dzi\u0119ki <strong>kompleksowym szkoleniom BHP<\/strong>.<\/p><p>Oferuje kursy <strong>stacjonarne i online<\/strong>, dostosowane do wymaga\u0144 prawnych oraz specyfiki Twojej bran\u017cy.<\/p><p>Pomaga spe\u0142ni\u0107 obowi\u0105zki prawne pracodawcy i <strong>zwi\u0119kszy\u0107 \u015bwiadomo\u015b\u0107 pracownik\u00f3w<\/strong> w zakresie bezpiecze\u0144stwa i higieny pracy.<\/p>\t\t\t\t\t\t\t\t<\/div>\n\t\t\t\t<div class=\"elementor-element elementor-element-2f3065e elementor-widget elementor-widget-text-editor\" data-id=\"2f3065e\" data-element_type=\"widget\" data-widget_type=\"text-editor.default\">\n\t\t\t\t\t\t\t\t\t<h2><span style=\"background-color: transparent; font-size: 16px;\">\u2705 Szkolenia zgodne z aktualnymi przepisami prawa<br \/><\/span><span style=\"background-color: transparent; font-size: 16px;\">\u2705 Do\u015bwiadczony trener z praktyk\u0105 w r\u00f3\u017cnych bran\u017cach<br \/><\/span><span style=\"background-color: transparent; font-size: 16px;\">\u2705 Kursy online i stacjonarne \u2013 elastyczne formy nauki<br \/><\/span><span style=\"background-color: transparent; font-size: 16px;\">\u2705 Za\u015bwiadczenia potwierdzaj\u0105ce uko\u0144czenie szkolenia\u00a0<\/span><\/h2><p><br \/><!--EndFragment --><\/p>\t\t\t\t\t\t\t\t<\/div>\n\t\t\t\t<\/div>\n\t\t<div class=\"elementor-element elementor-element-b62980e e-con-full e-flex e-con e-child\" data-id=\"b62980e\" data-element_type=\"container\">\n\t\t\t\t<\/div>\n\t\t\t\t\t<\/div>\n\t\t\t\t<\/div>\n\t\t<div class=\"elementor-element elementor-element-10c31bd e-flex e-con-boxed e-con e-parent\" data-id=\"10c31bd\" data-element_type=\"container\">\n\t\t\t\t\t<div class=\"e-con-inner\">\n\t\t<div class=\"elementor-element elementor-element-1cfaf2d e-con-full e-flex e-con e-child\" data-id=\"1cfaf2d\" data-element_type=\"container\">\n\t\t\t\t<div class=\"elementor-element elementor-element-56863e9 elementor-widget elementor-widget-text-editor\" data-id=\"56863e9\" data-element_type=\"widget\" data-widget_type=\"text-editor.default\">\n\t\t\t\t\t\t\t\t\t<p>BHP<\/p>\t\t\t\t\t\t\t\t<\/div>\n\t\t\t\t<div class=\"elementor-element elementor-element-fdbe63a elementor-widget-divider--view-line elementor-widget elementor-widget-divider\" data-id=\"fdbe63a\" data-element_type=\"widget\" data-widget_type=\"divider.default\">\n\t\t\t\t\t\t\t<div class=\"elementor-divider\">\n\t\t\t<span class=\"elementor-divider-separator\">\n\t\t\t\t\t\t<\/span>\n\t\t<\/div>\n\t\t\t\t\t\t<\/div>\n\t\t\t\t<div class=\"elementor-element elementor-element-ba45e7b elementor-widget elementor-widget-text-editor\" data-id=\"ba45e7b\" data-element_type=\"widget\" data-widget_type=\"text-editor.default\">\n\t\t\t\t\t\t\t\t\t<p>Wiedza, kt\u00f3ra chroni<\/p>\t\t\t\t\t\t\t\t<\/div>\n\t\t\t\t<\/div>\n\t\t<div class=\"elementor-element elementor-element-0d70a7f e-con-full e-flex e-con e-child\" data-id=\"0d70a7f\" data-element_type=\"container\" data-settings=\"{&quot;background_background&quot;:&quot;classic&quot;}\">\n\t\t\t\t<div class=\"elementor-element elementor-element-81abe7b elementor-widget elementor-widget-text-editor\" data-id=\"81abe7b\" data-element_type=\"widget\" data-widget_type=\"text-editor.default\">\n\t\t\t\t\t\t\t\t\t<p>SF@GO zapewni Twoim pracownikom wiedz\u0119 i praktyczne umiej\u0119tno\u015bci, kt\u00f3re minimalizuj\u0105 ryzyko wypadk\u00f3w. Profesjonalne szkolenia BHP zwi\u0119kszaj\u0105 \u015bwiadomo\u015b\u0107 zagro\u017ce\u0144 i buduj\u0105 kultur\u0119 bezpiecze\u0144stwa w Twojej firmie.<\/p>\t\t\t\t\t\t\t\t<\/div>\n\t\t\t\t<\/div>\n\t\t\t\t\t<\/div>\n\t\t\t\t<\/div>\n\t\t<div class=\"elementor-element elementor-element-4ba787a e-flex e-con-boxed e-con e-parent\" data-id=\"4ba787a\" data-element_type=\"container\">\n\t\t\t\t\t<div class=\"e-con-inner\">\n\t\t<div class=\"elementor-element elementor-element-8267091 e-con-full e-flex e-con e-child\" data-id=\"8267091\" data-element_type=\"container\">\n\t\t\t\t<div class=\"elementor-element elementor-element-e25e7b5 elementor-widget elementor-widget-text-editor\" data-id=\"e25e7b5\" data-element_type=\"widget\" data-widget_type=\"text-editor.default\">\n\t\t\t\t\t\t\t\t\t<p>Pierwsza<br \/>Pomoc<\/p>\t\t\t\t\t\t\t\t<\/div>\n\t\t\t\t<div class=\"elementor-element elementor-element-b8657d3 elementor-widget-divider--view-line elementor-widget elementor-widget-divider\" data-id=\"b8657d3\" data-element_type=\"widget\" data-widget_type=\"divider.default\">\n\t\t\t\t\t\t\t<div class=\"elementor-divider\">\n\t\t\t<span class=\"elementor-divider-separator\">\n\t\t\t\t\t\t<\/span>\n\t\t<\/div>\n\t\t\t\t\t\t<\/div>\n\t\t\t\t<div class=\"elementor-element elementor-element-8087019 elementor-widget elementor-widget-text-editor\" data-id=\"8087019\" data-element_type=\"widget\" data-widget_type=\"text-editor.default\">\n\t\t\t\t\t\t\t\t\t<p>Reakcja ratuj\u0105ca \u017cycie<\/p>\t\t\t\t\t\t\t\t<\/div>\n\t\t\t\t<\/div>\n\t\t<div class=\"elementor-element elementor-element-7590aa9 e-con-full e-flex e-con e-child\" data-id=\"7590aa9\" data-element_type=\"container\" data-settings=\"{&quot;background_background&quot;:&quot;classic&quot;}\">\n\t\t\t\t<div class=\"elementor-element elementor-element-7b6a671 elementor-widget elementor-widget-text-editor\" data-id=\"7b6a671\" data-element_type=\"widget\" data-widget_type=\"text-editor.default\">\n\t\t\t\t\t\t\t\t\t<p>Nasze szkolenia z pierwszej pomocy dadz\u0105 Twoim pracownikom pewno\u015b\u0107 dzia\u0142ania w nag\u0142ych wypadkach. Nauka podstawowych procedur i w\u0142a\u015bciwego u\u017cycia AED mo\u017ce realnie zwi\u0119kszy\u0107 szanse na uratowanie zdrowia i \u017cycia Twoich pracownik\u00f3w, przy nag\u0142ym zatrzymaniu kr\u0105\u017cenia nawet do 70%.<\/p>\t\t\t\t\t\t\t\t<\/div>\n\t\t\t\t<\/div>\n\t\t\t\t\t<\/div>\n\t\t\t\t<\/div>\n\t\t<div class=\"elementor-element elementor-element-2885d2b e-flex e-con-boxed e-con e-parent\" data-id=\"2885d2b\" data-element_type=\"container\">\n\t\t\t\t\t<div class=\"e-con-inner\">\n\t\t<div class=\"elementor-element elementor-element-b437f6f e-con-full e-flex e-con e-child\" data-id=\"b437f6f\" data-element_type=\"container\">\n\t\t\t\t<div class=\"elementor-element elementor-element-26a8ef3 elementor-widget elementor-widget-text-editor\" data-id=\"26a8ef3\" data-element_type=\"widget\" data-widget_type=\"text-editor.default\">\n\t\t\t\t\t\t\t\t\t<p>Ochrona<br \/>Przeciwpo\u017carowa<\/p>\t\t\t\t\t\t\t\t<\/div>\n\t\t\t\t<div class=\"elementor-element elementor-element-1658ed3 elementor-widget-divider--view-line elementor-widget elementor-widget-divider\" data-id=\"1658ed3\" data-element_type=\"widget\" data-widget_type=\"divider.default\">\n\t\t\t\t\t\t\t<div class=\"elementor-divider\">\n\t\t\t<span class=\"elementor-divider-separator\">\n\t\t\t\t\t\t<\/span>\n\t\t<\/div>\n\t\t\t\t\t\t<\/div>\n\t\t\t\t<div class=\"elementor-element elementor-element-65989ee elementor-widget elementor-widget-text-editor\" data-id=\"65989ee\" data-element_type=\"widget\" data-widget_type=\"text-editor.default\">\n\t\t\t\t\t\t\t\t\t<p>Skuteczna prewencja po\u017carowa<\/p>\t\t\t\t\t\t\t\t<\/div>\n\t\t\t\t<\/div>\n\t\t<div class=\"elementor-element elementor-element-60ed301 e-con-full e-flex e-con e-child\" data-id=\"60ed301\" data-element_type=\"container\" data-settings=\"{&quot;background_background&quot;:&quot;classic&quot;}\">\n\t\t\t\t<div class=\"elementor-element elementor-element-2093c0b elementor-widget elementor-widget-text-editor\" data-id=\"2093c0b\" data-element_type=\"widget\" data-widget_type=\"text-editor.default\">\n\t\t\t\t\t\t\t\t\t<p>SF&amp;GO zapewni kompleksowe szkolenia z Ochrony Przeciwpo\u017carowej, przeszkolimy Twoich pracownik\u00f3w jak zapobiega\u0107 po\u017carom i reagowa\u0107 w sytuacjach kryzysowych. Dzi\u0119ki kompleksowo przeprowadzonym \u0107wiczeniom Twoja kadra b\u0119dzie przygotowana do szybkiej i bezpiecznej ewakuacji.<\/p>\t\t\t\t\t\t\t\t<\/div>\n\t\t\t\t<\/div>\n\t\t\t\t\t<\/div>\n\t\t\t\t<\/div>\n\t\t<div class=\"elementor-element elementor-element-954281e e-flex e-con-boxed e-con e-parent\" data-id=\"954281e\" data-element_type=\"container\">\n\t\t\t\t\t<div class=\"e-con-inner\">\n\t\t\t\t<div class=\"elementor-element elementor-element-94b3892 elementor-widget-divider--view-line elementor-widget elementor-widget-divider\" data-id=\"94b3892\" data-element_type=\"widget\" data-widget_type=\"divider.default\">\n\t\t\t\t\t\t\t<div class=\"elementor-divider\">\n\t\t\t<span class=\"elementor-divider-separator\">\n\t\t\t\t\t\t<\/span>\n\t\t<\/div>\n\t\t\t\t\t\t<\/div>\n\t\t\t\t<div class=\"elementor-element elementor-element-39cb3f6 elementor-widget elementor-widget-text-editor\" data-id=\"39cb3f6\" data-element_type=\"widget\" data-widget_type=\"text-editor.default\">\n\t\t\t\t\t\t\t\t\t<p style=\"text-align: center;\">Zadbaj o bezpiecze\u0144stwo ju\u017c dzi\u015b!<br \/>Skontaktuj si\u0119 z nami i wybierz szkolenia dopasowane do potrzeb Twojej firmy!<\/p>\t\t\t\t\t\t\t\t<\/div>\n\t\t\t\t<div class=\"elementor-element elementor-element-1c10382 elementor-widget-divider--view-line elementor-widget elementor-widget-divider\" data-id=\"1c10382\" data-element_type=\"widget\" data-widget_type=\"divider.default\">\n\t\t\t\t\t\t\t<div class=\"elementor-divider\">\n\t\t\t<span class=\"elementor-divider-separator\">\n\t\t\t\t\t\t<\/span>\n\t\t<\/div>\n\t\t\t\t\t\t<\/div>\n\t\t\t\t\t<\/div>\n\t\t\t\t<\/div>\n\t\t\t\t<\/div>\n\t\t","protected":false},"excerpt":{"rendered":"<p>Safety First&amp;GO\u200b Zapewnia bezpiecze\u0144stwo w Twojej firmie dzi\u0119ki kompleksowym szkoleniom BHP. Oferuje kursy stacjonarne i online, dostosowane do wymaga\u0144 prawnych oraz specyfiki Twojej bran\u017cy. Pomaga spe\u0142ni\u0107 obowi\u0105zki prawne pracodawcy i zwi\u0119kszy\u0107 \u015bwiadomo\u015b\u0107 pracownik\u00f3w w zakresie bezpiecze\u0144stwa i higieny pracy. \u2705 Szkolenia zgodne z aktualnymi przepisami prawa\u2705 Do\u015bwiadczony trener z praktyk\u0105 w r\u00f3\u017cnych bran\u017cach\u2705 Kursy online [&hellip;]<\/p>\n","protected":false},"author":1,"featured_media":0,"parent":0,"menu_order":0,"comment_status":"closed","ping_status":"closed","template":"","meta":{"footnotes":""},"class_list":["post-16","page","type-page","status-publish","hentry"],"_links":{"self":[{"href":"https:\/\/sfg.wroclaw.pl\/index.php\/wp-json\/wp\/v2\/pages\/16","targetHints":{"allow":["GET"]}}],"collection":[{"href":"https:\/\/sfg.wroclaw.pl\/index.php\/wp-json\/wp\/v2\/pages"}],"about":[{"href":"https:\/\/sfg.wroclaw.pl\/index.php\/wp-json\/wp\/v2\/types\/page"}],"author":[{"embeddable":true,"href":"https:\/\/sfg.wroclaw.pl\/index.php\/wp-json\/wp\/v2\/users\/1"}],"replies":[{"embeddable":true,"href":"https:\/\/sfg.wroclaw.pl\/index.php\/wp-json\/wp\/v2\/comments?post=16"}],"version-history":[{"count":43,"href":"https:\/\/sfg.wroclaw.pl\/index.php\/wp-json\/wp\/v2\/pages\/16\/revisions"}],"predecessor-version":[{"id":331,"href":"https:\/\/sfg.wroclaw.pl\/index.php\/wp-json\/wp\/v2\/pages\/16\/revisions\/331"}],"wp:attachment":[{"href":"https:\/\/sfg.wroclaw.pl\/index.php\/wp-json\/wp\/v2\/media?parent=16"}],"curies":[{"name":"wp","href":"https:\/\/api.w.org\/{rel}","templated":true}]}}