{"id":20,"date":"2026-01-22T23:14:26","date_gmt":"2026-01-22T22:14:26","guid":{"rendered":"https:\/\/sfg.wroclaw.pl\/?page_id=20"},"modified":"2026-02-12T11:03:28","modified_gmt":"2026-02-12T10:03:28","slug":"bhp","status":"publish","type":"page","link":"https:\/\/sfg.wroclaw.pl\/index.php\/bhp\/","title":{"rendered":"BHP"},"content":{"rendered":"\t\t<div data-elementor-type=\"wp-page\" data-elementor-id=\"20\" class=\"elementor elementor-20\">\n\t\t\t\t<div class=\"elementor-element elementor-element-9ded9cb e-flex e-con-boxed e-con e-parent\" data-id=\"9ded9cb\" data-element_type=\"container\">\n\t\t\t\t\t<div class=\"e-con-inner\">\n\t\t\t\t<div class=\"elementor-element elementor-element-ce30a1c elementor-widget elementor-widget-heading\" data-id=\"ce30a1c\" data-element_type=\"widget\" data-widget_type=\"heading.default\">\n\t\t\t\t\t<h1 class=\"elementor-heading-title elementor-size-default\">BHP <\/h1>\t\t\t\t<\/div>\n\t\t\t\t<div class=\"elementor-element elementor-element-21ba4d3 elementor-widget elementor-widget-heading\" data-id=\"21ba4d3\" data-element_type=\"widget\" data-widget_type=\"heading.default\">\n\t\t\t\t\t<h2 class=\"elementor-heading-title elementor-size-default\">Bezpiecze\u0144stwo i higiena pracy<\/h2>\t\t\t\t<\/div>\n\t\t\t\t<div class=\"elementor-element elementor-element-e7901c0 elementor-widget elementor-widget-spacer\" data-id=\"e7901c0\" data-element_type=\"widget\" data-widget_type=\"spacer.default\">\n\t\t\t\t\t\t\t<div class=\"elementor-spacer\">\n\t\t\t<div class=\"elementor-spacer-inner\"><\/div>\n\t\t<\/div>\n\t\t\t\t\t\t<\/div>\n\t\t\t\t\t<\/div>\n\t\t\t\t<\/div>\n\t\t<div class=\"elementor-element elementor-element-357a6e7 e-flex e-con-boxed e-con e-parent\" data-id=\"357a6e7\" data-element_type=\"container\" data-settings=\"{&quot;background_background&quot;:&quot;classic&quot;}\">\n\t\t\t\t\t<div class=\"e-con-inner\">\n\t\t\t\t\t<\/div>\n\t\t\t\t<\/div>\n\t\t<div class=\"elementor-element elementor-element-119852b e-flex e-con-boxed e-con e-parent\" data-id=\"119852b\" data-element_type=\"container\">\n\t\t\t\t\t<div class=\"e-con-inner\">\n\t\t<div class=\"elementor-element elementor-element-d5b5dd1 e-con-full e-flex e-con e-child\" data-id=\"d5b5dd1\" data-element_type=\"container\">\n\t\t\t\t<div class=\"elementor-element elementor-element-e9a3680 elementor-widget elementor-widget-text-editor\" data-id=\"e9a3680\" data-element_type=\"widget\" data-widget_type=\"text-editor.default\">\n\t\t\t\t\t\t\t\t\t<p style=\"text-align: left;\">Bezpiecze\u0144stwo i higiena pracy to <span style=\"color: #000000;\"><strong>fundament ka\u017cdej odpowiedzialnej organizacji<\/strong><\/span><\/p><ul style=\"text-align: left;\"><li><span style=\"color: #000000;\"><strong>Oferujemy<\/strong> <\/span>kompleksowe us\u0142ugi BHP, kt\u00f3re nie tylko spe\u0142niaj\u0105 wymogi prawne, ale realnie podnosz\u0105 poziom bezpiecze\u0144stwa w miejscu pracy.<\/li><li><strong><span style=\"color: #000000;\">Prowadzimy<\/span> <\/strong>szkolenia wst\u0119pne i okresowe, audyty oraz wdra\u017canie procedur zgodnych z aktualnymi przepisami.<\/li><li><span style=\"color: #000000;\"><strong>\u0141\u0105czymy<\/strong> <\/span>praktyczn\u0105 wiedz\u0119 z nowoczesnymi narz\u0119dziami, dzi\u0119ki czemu pracownicy nie tylko poznaj\u0105 teori\u0119, ale ucz\u0105 si\u0119 reagowa\u0107 w realnych sytuacjach.<\/li><li><strong><span style=\"color: #000000;\">Obs\u0142ugujemy<\/span> <\/strong>firmy ka\u017cdej wielko\u015bci\u00a0\u2014 od jednoosobowych dzia\u0142alno\u015bci po zak\u0142ady produkcyjne.<\/li><li style=\"text-align: left;\"><span style=\"color: #000000;\"><strong>Zapewniamy<\/strong><\/span>, \u017ce pracownicy po naszych szkoleniach s\u0105 odpowiednio przygotowani do bezpiecznej pracy.<\/li><\/ul><p style=\"text-align: left;\"><span style=\"color: #000000;\"><strong>Prowadzimy szkolenia wst\u0119pne i okresowe<\/strong><\/span>, audyty, ocen\u0119 ryzyka zawodowego oraz wdra\u017canie procedur zgodnych z aktualnymi przepisami. <br \/>Nasze podej\u015bcie \u0142\u0105czy praktyczn\u0105 wiedz\u0119 z nowoczesnymi narz\u0119dziami, dzi\u0119ki czemu pracownicy nie tylko poznaj\u0105 teori\u0119, ale ucz\u0105 si\u0119 reagowa\u0107 w realnych sytuacjach.<\/p><p style=\"text-align: left;\"><span style=\"color: #000000;\"><strong>Obs\u0142ugujemy firmy ka\u017cdej wielko\u015bci<\/strong><\/span> \u2014 od jednoosobowych dzia\u0142alno\u015bci po zak\u0142ady produkcyjne. Z nami zyskujesz pewno\u015b\u0107, \u017ce Twoja firma dzia\u0142a zgodnie z prawem, a pracownicy s\u0105 odpowiednio przygotowani do bezpiecznej pracy.<\/p>\t\t\t\t\t\t\t\t<\/div>\n\t\t\t\t<\/div>\n\t\t\t\t\t<\/div>\n\t\t\t\t<\/div>\n\t\t\t\t<\/div>\n\t\t","protected":false},"excerpt":{"rendered":"<p>BHP Bezpiecze\u0144stwo i higiena pracy Bezpiecze\u0144stwo i higiena pracy to fundament ka\u017cdej odpowiedzialnej organizacji Oferujemy kompleksowe us\u0142ugi BHP, kt\u00f3re nie tylko spe\u0142niaj\u0105 wymogi prawne, ale realnie podnosz\u0105 poziom bezpiecze\u0144stwa w miejscu pracy. Prowadzimy szkolenia wst\u0119pne i okresowe, audyty oraz wdra\u017canie procedur zgodnych z aktualnymi przepisami. \u0141\u0105czymy praktyczn\u0105 wiedz\u0119 z nowoczesnymi narz\u0119dziami, dzi\u0119ki czemu pracownicy nie [&hellip;]<\/p>\n","protected":false},"author":1,"featured_media":0,"parent":0,"menu_order":0,"comment_status":"closed","ping_status":"closed","template":"","meta":{"footnotes":""},"class_list":["post-20","page","type-page","status-publish","hentry"],"_links":{"self":[{"href":"https:\/\/sfg.wroclaw.pl\/index.php\/wp-json\/wp\/v2\/pages\/20","targetHints":{"allow":["GET"]}}],"collection":[{"href":"https:\/\/sfg.wroclaw.pl\/index.php\/wp-json\/wp\/v2\/pages"}],"about":[{"href":"https:\/\/sfg.wroclaw.pl\/index.php\/wp-json\/wp\/v2\/types\/page"}],"author":[{"embeddable":true,"href":"https:\/\/sfg.wroclaw.pl\/index.php\/wp-json\/wp\/v2\/users\/1"}],"replies":[{"embeddable":true,"href":"https:\/\/sfg.wroclaw.pl\/index.php\/wp-json\/wp\/v2\/comments?post=20"}],"version-history":[{"count":28,"href":"https:\/\/sfg.wroclaw.pl\/index.php\/wp-json\/wp\/v2\/pages\/20\/revisions"}],"predecessor-version":[{"id":376,"href":"https:\/\/sfg.wroclaw.pl\/index.php\/wp-json\/wp\/v2\/pages\/20\/revisions\/376"}],"wp:attachment":[{"href":"https:\/\/sfg.wroclaw.pl\/index.php\/wp-json\/wp\/v2\/media?parent=20"}],"curies":[{"name":"wp","href":"https:\/\/api.w.org\/{rel}","templated":true}]}}